{"id":1380,"date":"2026-04-02T14:31:54","date_gmt":"2026-04-02T12:31:54","guid":{"rendered":"https:\/\/dev.montsetvallees-tourisme.fr\/accueil\/"},"modified":"2026-04-20T13:46:43","modified_gmt":"2026-04-20T11:46:43","slug":"accueil","status":"publish","type":"page","link":"https:\/\/dev.montsetvallees-tourisme.fr\/en\/","title":{"rendered":"Accueil"},"content":{"rendered":"\t\t<div data-elementor-type=\"wp-page\" data-elementor-id=\"1380\" class=\"elementor elementor-1380\">\n\t\t\t\t<div class=\"elementor-element elementor-element-0372b0f e-con-full e-flex e-con e-parent\" data-id=\"0372b0f\" data-element_type=\"container\" data-e-type=\"container\" data-settings=\"{&quot;background_background&quot;:&quot;slideshow&quot;,&quot;background_slideshow_gallery&quot;:[{&quot;id&quot;:1569,&quot;url&quot;:&quot;https:\\\/\\\/dev.montsetvallees-tourisme.fr\\\/wp-content\\\/uploads\\\/2026\\\/04\\\/541349636_1154777276703832_6869980859355567428.png&quot;},{&quot;id&quot;:1510,&quot;url&quot;:&quot;https:\\\/\\\/dev.montsetvallees-tourisme.fr\\\/wp-content\\\/uploads\\\/2026\\\/04\\\/hero-nature.jpg&quot;}],&quot;background_slideshow_transition_duration&quot;:800,&quot;background_slideshow_loop&quot;:&quot;yes&quot;,&quot;background_slideshow_slide_duration&quot;:5000,&quot;background_slideshow_slide_transition&quot;:&quot;fade&quot;}\">\n\t\t\t\t<div class=\"elementor-element elementor-element-c6648f1 elementor-absolute elementor-view-default elementor-widget elementor-widget-icon\" data-id=\"c6648f1\" data-element_type=\"widget\" data-e-type=\"widget\" data-settings=\"{&quot;_position&quot;:&quot;absolute&quot;}\" data-widget_type=\"icon.default\">\n\t\t\t\t\t\t\t<div class=\"elementor-icon-wrapper\">\n\t\t\t<div class=\"elementor-icon\">\n\t\t\t<svg xmlns=\"http:\/\/www.w3.org\/2000\/svg\" width=\"60\" height=\"60\" viewBox=\"0 0 60 60\" fill=\"none\"><circle cx=\"30\" cy=\"30\" r=\"30\" fill=\"#013D5E\"><\/circle><g clip-path=\"url(#clip0_2467_118)\"><path d=\"M44.7313 25.609C37.9314 25.7551 33.5621 29.0263 31.4497 35.7148C31.4497 34.05 31.3919 32.7357 31.4497 31.3921C31.4497 31.0124 31.6812 30.4575 31.9127 30.1362C33.4463 28.2085 34.4012 26.0764 34.6327 23.6229C35.0667 19.2418 33.4752 15.6493 30.1766 12.7285C24.997 17.3433 24.3894 24.8204 28.7008 30.0778L29.1349 30.808C29.1927 32.2391 29.1638 33.6995 29.1927 35.1307C28.18 32.2684 26.5596 29.9318 24.0711 28.2377C21.5826 26.5437 18.8048 25.8427 15.7954 26.0472C15.4771 28.7342 16.3742 31.9179 18.1682 34.2837C19.8754 36.5327 21.9877 37.993 24.4473 38.7232C25.46 39.0445 26.2992 39.8039 26.6464 40.797C27.3698 42.7831 28.5851 44.5647 30.3791 46.1419C32.0863 44.6231 33.2438 42.8123 33.9382 40.8554C34.3144 39.8039 35.1246 38.9277 36.1663 38.6064C42.3007 36.5911 45.4258 30.5451 44.7602 25.5214L44.7313 25.609Z\" fill=\"#BED236\"><\/path><\/g><defs><clipPath id=\"clip0_2467_118\"><rect width=\"29.0805\" height=\"33.4426\" fill=\"white\" transform=\"translate(15.7375 12.7869)\"><\/rect><\/clipPath><\/defs><\/svg>\t\t\t<\/div>\n\t\t<\/div>\n\t\t\t\t\t\t<\/div>\n\t\t<div class=\"elementor-element elementor-element-26cd4b8 e-flex e-con-boxed e-con e-child\" data-id=\"26cd4b8\" data-element_type=\"container\" data-e-type=\"container\">\n\t\t\t\t\t<div class=\"e-con-inner\">\n\t\t\t\t<div class=\"elementor-element elementor-element-a6dd88b elementor-widget elementor-widget-heading\" data-id=\"a6dd88b\" data-element_type=\"widget\" data-e-type=\"widget\" data-widget_type=\"heading.default\">\n\t\t\t\t\t<h2 class=\"elementor-heading-title elementor-size-default\">Plongez au c\u0153ur d\u2019une nature authentique et pr\u00e9serv\u00e9e<\/h2>\t\t\t\t<\/div>\n\t\t\t\t<div class=\"elementor-element elementor-element-0244c1f elementor-widget elementor-widget-ucaddon_posts_search_filter\" data-id=\"0244c1f\" data-element_type=\"widget\" data-e-type=\"widget\" data-widget_type=\"ucaddon_posts_search_filter.default\">\n\t\t\t\t<div class=\"elementor-widget-container\">\n\t\t\t\t\t\n<!-- start Search Filter -->\n\t\t<link id='font-awesome-css' href='https:\/\/dev.montsetvallees-tourisme.fr\/wp-content\/plugins\/unlimited-elements-for-elementor-premium\/assets_libraries\/font-awesome6\/fontawesome-all.min.css' type='text\/css' rel='stylesheet' >\n\t\t<link id='font-awesome-4-shim-css' href='https:\/\/dev.montsetvallees-tourisme.fr\/wp-content\/plugins\/unlimited-elements-for-elementor-premium\/assets_libraries\/font-awesome6\/fontawesome-v4-shims.min.css' type='text\/css' rel='stylesheet' >\n\n<style>\/* widget: Search Filter *\/\n\n#uc_posts_search_filter_elementor_0244c1f-wrapper{\n  display:flex;\n}\n\n#uc_posts_search_filter_elementor_0244c1f{\n  width:100%;\n}\n\n#uc_posts_search_filter_elementor_0244c1f .uc-search-filter__input{\n  width:100%;\n  flex-grow:1;\n}\n\n#uc_posts_search_filter_elementor_0244c1f .uc-search-filter-btn{\n  display:flex;\n  align-items:center;\n  flex-grow:0;\n  flex-shrink:0;\n}\n\n#uc_posts_search_filter_elementor_0244c1f .uc-search-filter-input-wrapper{\n  position: relative;\n  display:flex;\n  align-items:center;\n}\n\n#uc_posts_search_filter_elementor_0244c1f .uc-search-filter-input-holder{\n  position: relative;\n  display:flex;\n  align-items:center;\n  width:100%;\n  flex-grow:1;\n}\n\n#uc_posts_search_filter_elementor_0244c1f .uc-search-filter-btn .ue-btn-icon{\n  line-height:1em;\n}\n\n#uc_posts_search_filter_elementor_0244c1f .uc-search-filter-btn .ue-btn-icon svg{\n  height:1em;\n  width:1em;\n}\n\n#uc_posts_search_filter_elementor_0244c1f ::-webkit-input-placeholder { \/* Edge *\/\n  color: #646467 !important;\n}\n\n#uc_posts_search_filter_elementor_0244c1f :-ms-input-placeholder { \/* Internet Explorer 10-11 *\/\n  color: #646467 !important;\n}\n\n#uc_posts_search_filter_elementor_0244c1f ::placeholder {\n  color: #646467 !important;\n}\n\n#uc_posts_search_filter_elementor_0244c1f .uc-search-filter-indicator{\n\tposition: absolute;\n  \ttop: 50%;\n    transform: translate(0, -50%);\n    height: 100%;\n  \tdisplay: flex;\n    align-items: center;\n    justify-content: center;\n}\n\n<\/style>\n\n\n<div id=\"uc_posts_search_filter_elementor_0244c1f-wrapper\" class=\"uc-search-filter-wrapper\" >\n  <div id=\"uc_posts_search_filter_elementor_0244c1f\" class=\"uc-search-filter uc-grid-filter\" data-filtertype=\"search\"  > \n\n      \n      <div class=\"uc-search-filter-input-wrapper\">\n\t\t<div class=\"uc-search-filter-input-holder\">\n          <input type=\"text\" class=\"uc-search-filter__input\" placeholder=\"Je&#x20;recherche&#x20;&#x3A;&#x20;randonn&#x00E9;e,&#x20;g&#x00EE;te&#x20;...\" value=\"\">\n                      <div class=\"uc-search-filter-indicator\"><i class='fas fa-search'><\/i><\/div>\n           \n        <\/div>  \n\n                \n      <\/div>\n  <\/div>\n<\/div>\n<!-- end Search Filter -->\t\t\t\t<\/div>\n\t\t\t\t<\/div>\n\t\t\t\t\t<\/div>\n\t\t\t\t<\/div>\n\t\t\t\t<\/div>\n\t\t<div class=\"elementor-element elementor-element-a100081 e-flex e-con-boxed e-con e-parent\" data-id=\"a100081\" data-element_type=\"container\" data-e-type=\"container\">\n\t\t\t\t\t<div class=\"e-con-inner\">\n\t\t<div class=\"elementor-element elementor-element-cde41ab e-con-full e-flex e-con e-child\" data-id=\"cde41ab\" data-element_type=\"container\" data-e-type=\"container\">\n\t\t\t\t<div class=\"elementor-element elementor-element-a671b4a elementor-widget elementor-widget-heading\" data-id=\"a671b4a\" data-element_type=\"widget\" data-e-type=\"widget\" data-widget_type=\"heading.default\">\n\t\t\t\t\t<h2 class=\"elementor-heading-title elementor-size-default\">Explorer &amp; D\u00e9couvrir<\/h2>\t\t\t\t<\/div>\n\t\t\t\t<\/div>\n\t\t<div class=\"elementor-element elementor-element-9ae5272 e-con-full e-flex e-con e-child\" data-id=\"9ae5272\" data-element_type=\"container\" data-e-type=\"container\">\n\t\t\t\t<\/div>\n\t\t\t\t\t<\/div>\n\t\t\t\t<\/div>\n\t\t\t\t<\/div>\n\t\t","protected":false},"excerpt":{"rendered":"<p>Plongez au c\u0153ur d\u2019une nature authentique et pr\u00e9serv\u00e9e Explorer &amp; D\u00e9couvrir<\/p>","protected":false},"author":0,"featured_media":0,"parent":0,"menu_order":0,"comment_status":"closed","ping_status":"closed","template":"","meta":{"footnotes":""},"class_list":["post-1380","page","type-page","status-publish","hentry"],"yoast_head":"<!-- This site is optimized with the Yoast SEO plugin v27.4 - https:\/\/yoast.com\/product\/yoast-seo-wordpress\/ -->\n<title>Accueil - Monts et Vall\u00e9es Tourisme gueugnon<\/title>\n<meta name=\"robots\" content=\"noindex, follow, max-snippet:-1, max-image-preview:large, max-video-preview:-1\" \/>\n<meta property=\"og:locale\" content=\"en_GB\" \/>\n<meta property=\"og:type\" content=\"article\" \/>\n<meta property=\"og:title\" content=\"Accueil - Monts et Vall\u00e9es Tourisme gueugnon\" \/>\n<meta property=\"og:description\" content=\"Plongez au c\u0153ur d\u2019une nature authentique et pr\u00e9serv\u00e9e Explorer &amp; D\u00e9couvrir\" \/>\n<meta property=\"og:url\" content=\"https:\/\/dev.montsetvallees-tourisme.fr\/en\/\" \/>\n<meta property=\"og:site_name\" content=\"Monts et Vall\u00e9es Tourisme gueugnon\" \/>\n<meta property=\"article:modified_time\" content=\"2026-04-20T11:46:43+00:00\" \/>\n<meta name=\"twitter:card\" content=\"summary_large_image\" \/>\n<script type=\"application\/ld+json\" class=\"yoast-schema-graph\">{\"@context\":\"https:\\\/\\\/schema.org\",\"@graph\":[{\"@type\":\"WebPage\",\"@id\":\"https:\\\/\\\/dev.montsetvallees-tourisme.fr\\\/\",\"url\":\"https:\\\/\\\/dev.montsetvallees-tourisme.fr\\\/\",\"name\":\"Accueil - Monts et Vall\u00e9es Tourisme gueugnon\",\"isPartOf\":{\"@id\":\"https:\\\/\\\/dev.montsetvallees-tourisme.fr\\\/#website\"},\"datePublished\":\"2026-04-02T12:31:54+00:00\",\"dateModified\":\"2026-04-20T11:46:43+00:00\",\"breadcrumb\":{\"@id\":\"https:\\\/\\\/dev.montsetvallees-tourisme.fr\\\/#breadcrumb\"},\"inLanguage\":\"en-GB\",\"potentialAction\":[{\"@type\":\"ReadAction\",\"target\":[\"https:\\\/\\\/dev.montsetvallees-tourisme.fr\\\/\"]}]},{\"@type\":\"BreadcrumbList\",\"@id\":\"https:\\\/\\\/dev.montsetvallees-tourisme.fr\\\/#breadcrumb\",\"itemListElement\":[{\"@type\":\"ListItem\",\"position\":1,\"name\":\"Accueil\",\"item\":\"https:\\\/\\\/dev.montsetvallees-tourisme.fr\\\/\"},{\"@type\":\"ListItem\",\"position\":2,\"name\":\"Accueil\"}]},{\"@type\":\"WebSite\",\"@id\":\"https:\\\/\\\/dev.montsetvallees-tourisme.fr\\\/#website\",\"url\":\"https:\\\/\\\/dev.montsetvallees-tourisme.fr\\\/\",\"name\":\"Monts et Vall\u00e9es Tourisme gueugnon\",\"description\":\"\",\"potentialAction\":[{\"@type\":\"SearchAction\",\"target\":{\"@type\":\"EntryPoint\",\"urlTemplate\":\"https:\\\/\\\/dev.montsetvallees-tourisme.fr\\\/?s={search_term_string}\"},\"query-input\":{\"@type\":\"PropertyValueSpecification\",\"valueRequired\":true,\"valueName\":\"search_term_string\"}}],\"inLanguage\":\"en-GB\"}]}<\/script>\n<!-- \/ Yoast SEO plugin. -->","yoast_head_json":{"title":"Accueil - Monts et Vall\u00e9es Tourisme gueugnon","robots":{"index":"noindex","follow":"follow","max-snippet":"max-snippet:-1","max-image-preview":"max-image-preview:large","max-video-preview":"max-video-preview:-1"},"og_locale":"en_GB","og_type":"article","og_title":"Accueil - Monts et Vall\u00e9es Tourisme gueugnon","og_description":"Plongez au c\u0153ur d\u2019une nature authentique et pr\u00e9serv\u00e9e Explorer &amp; D\u00e9couvrir","og_url":"https:\/\/dev.montsetvallees-tourisme.fr\/en\/","og_site_name":"Monts et Vall\u00e9es Tourisme gueugnon","article_modified_time":"2026-04-20T11:46:43+00:00","twitter_card":"summary_large_image","schema":{"@context":"https:\/\/schema.org","@graph":[{"@type":"WebPage","@id":"https:\/\/dev.montsetvallees-tourisme.fr\/","url":"https:\/\/dev.montsetvallees-tourisme.fr\/","name":"Accueil - Monts et Vall\u00e9es Tourisme gueugnon","isPartOf":{"@id":"https:\/\/dev.montsetvallees-tourisme.fr\/#website"},"datePublished":"2026-04-02T12:31:54+00:00","dateModified":"2026-04-20T11:46:43+00:00","breadcrumb":{"@id":"https:\/\/dev.montsetvallees-tourisme.fr\/#breadcrumb"},"inLanguage":"en-GB","potentialAction":[{"@type":"ReadAction","target":["https:\/\/dev.montsetvallees-tourisme.fr\/"]}]},{"@type":"BreadcrumbList","@id":"https:\/\/dev.montsetvallees-tourisme.fr\/#breadcrumb","itemListElement":[{"@type":"ListItem","position":1,"name":"Accueil","item":"https:\/\/dev.montsetvallees-tourisme.fr\/"},{"@type":"ListItem","position":2,"name":"Accueil"}]},{"@type":"WebSite","@id":"https:\/\/dev.montsetvallees-tourisme.fr\/#website","url":"https:\/\/dev.montsetvallees-tourisme.fr\/","name":"Monts et Vall\u00e9es Tourisme gueugnon","description":"","potentialAction":[{"@type":"SearchAction","target":{"@type":"EntryPoint","urlTemplate":"https:\/\/dev.montsetvallees-tourisme.fr\/?s={search_term_string}"},"query-input":{"@type":"PropertyValueSpecification","valueRequired":true,"valueName":"search_term_string"}}],"inLanguage":"en-GB"}]}},"_links":{"self":[{"href":"https:\/\/dev.montsetvallees-tourisme.fr\/en\/wp-json\/wp\/v2\/pages\/1380","targetHints":{"allow":["GET"]}}],"collection":[{"href":"https:\/\/dev.montsetvallees-tourisme.fr\/en\/wp-json\/wp\/v2\/pages"}],"about":[{"href":"https:\/\/dev.montsetvallees-tourisme.fr\/en\/wp-json\/wp\/v2\/types\/page"}],"replies":[{"embeddable":true,"href":"https:\/\/dev.montsetvallees-tourisme.fr\/en\/wp-json\/wp\/v2\/comments?post=1380"}],"version-history":[{"count":79,"href":"https:\/\/dev.montsetvallees-tourisme.fr\/en\/wp-json\/wp\/v2\/pages\/1380\/revisions"}],"predecessor-version":[{"id":1621,"href":"https:\/\/dev.montsetvallees-tourisme.fr\/en\/wp-json\/wp\/v2\/pages\/1380\/revisions\/1621"}],"wp:attachment":[{"href":"https:\/\/dev.montsetvallees-tourisme.fr\/en\/wp-json\/wp\/v2\/media?parent=1380"}],"curies":[{"name":"wp","href":"https:\/\/api.w.org\/{rel}","templated":true}]}}